{"id":122,"date":"2014-04-23T08:12:24","date_gmt":"2014-04-23T07:12:24","guid":{"rendered":"http:\/\/localhost\/nerushoek\/?page_id=5"},"modified":"2014-06-13T15:14:58","modified_gmt":"2014-06-13T14:14:58","slug":"welkom-op-de-website-van-jachtwerf-nerushoek","status":"publish","type":"page","link":"https:\/\/nerushoek.nl\/de\/","title":{"rendered":"Willkommen auf die website von Jachthafen Nerushoek!"},"content":{"rendered":"<p>Die Marina Werft Nerushoek liegt im Herzen von Terherne. Wir verf\u00fcgen \u00fcber 50 feste Miet-Liegepl\u00e4tzen, 16 davon sind Bootsh\u00e4user und es gibt einen \u00fcber 90 Metern langen Passantenanleger.<\/p>\n<p>Der Yachthafen bietet verschiedene Einrichtungen. Sie k\u00f6nnen von jedem Liegeplatz aus an die Strom-und Wasserversorgung zugreifen. An Land befinden sich die Sanit\u00e4ranlagen, mit Duschen und WC -Anlagen.<br \/>\nDer Port ist mit einem payjack System ausgestattet. Die payjack ist ein Schl\u00fcssel, den Sie f\u00fcr alle Einrichtungen verwenden k\u00f6nnen. Dieses Zahlungssystem bedeutet f\u00fcr unsere G\u00e4ste zus\u00e4tzlichen Komfort, da z.B. die Suche nach Kleingeld, f\u00fcr die Dusche oder f\u00fcr Strom und Wasser entf\u00e4llt. Dar\u00fcber hinaus zahlen Sie nur, was Sie nutzen und nicht mehr.<\/p>\n<p>Der Port liegt an den Terhernster Poelen. Innerhalb von 5 Minuten mit dem Boot sind Sie auf dem Sneeker See und innerhalb einer halben Stunde am Pikmeer bei Grou. Die zentrale Lage des Hafens ist ideal f\u00fcr Bootsfahrer, die die wunderbare Seenlandschaft von Friesland erkunden und erleben m\u00f6chten.<\/p>\n<p>Wenn Sie unseren Hafen besuchen, lohnt es sich, das Dorf kennen zu lernen. Sie k\u00f6nnen innerhalb von wenigen Minuten in die Innenstadt gehen. Das Dorf hat einen Supermarkt, der im Sommer auch sonntags ge\u00f6ffnet. Es gibt mehrere Bars, Restaurants und Terrassen. F\u00fcr Ihre Kinder gibt es jede Menge Aktivit\u00e4ten. In der Mitte des Dorfes gibt es z. B. einen Strand f\u00fcr die Kinder, oder man kann mit ihnen die Insel \u201aAbenteuer des Kameleons\u2018 besuchen! Hier gibt es viel zu erleben.<\/p>\n<p>Kurz gesagt, bietet unser Port bietet etwas f\u00fcr jeden Geschmack!<\/p>\n<p>Mit Freundlichen Gr\u00f9ssen,<br \/>\nJacob Rijpkema<\/p>\n<p><strong>Wir haben noch liegepl\u00e4tze frei. Bitte rufen Sie uns heute noch an !<\/strong><\/p>\n<p><a href=\"http:\/\/nerushoek.nl\/de\/wp-content\/uploads\/sites\/2\/2014\/06\/home.jpg\"><img decoding=\"async\" loading=\"lazy\" class=\"alignnone wp-image-191 size-full\" src=\"http:\/\/nerushoek.nl\/de\/wp-content\/uploads\/sites\/2\/2014\/06\/home.jpg\" alt=\"\" width=\"1024\" height=\"768\" srcset=\"https:\/\/nerushoek.nl\/de\/wp-content\/uploads\/sites\/2\/2014\/06\/home.jpg 1024w, https:\/\/nerushoek.nl\/de\/wp-content\/uploads\/sites\/2\/2014\/06\/home-300x225.jpg 300w, https:\/\/nerushoek.nl\/de\/wp-content\/uploads\/sites\/2\/2014\/06\/home-624x468.jpg 624w\" sizes=\"(max-width: 1024px) 100vw, 1024px\" \/><\/a><\/p>\n","protected":false},"excerpt":{"rendered":"<p>Die Marina Werft Nerushoek liegt im Herzen von Terherne. Wir verf\u00fcgen \u00fcber 50 feste Miet-Liegepl\u00e4tzen, 16 davon sind Bootsh\u00e4user und es gibt einen \u00fcber 90 Metern langen Passantenanleger. Der Yachthafen bietet verschiedene Einrichtungen. Sie k\u00f6nnen von jedem Liegeplatz aus an die Strom-und Wasserversorgung zugreifen. An Land befinden sich die Sanit\u00e4ranlagen, mit Duschen und WC -Anlagen. [&hellip;]<\/p>\n","protected":false},"author":1,"featured_media":0,"parent":0,"menu_order":0,"comment_status":"closed","ping_status":"closed","template":"","meta":[],"_links":{"self":[{"href":"https:\/\/nerushoek.nl\/de\/wp-json\/wp\/v2\/pages\/122"}],"collection":[{"href":"https:\/\/nerushoek.nl\/de\/wp-json\/wp\/v2\/pages"}],"about":[{"href":"https:\/\/nerushoek.nl\/de\/wp-json\/wp\/v2\/types\/page"}],"author":[{"embeddable":true,"href":"https:\/\/nerushoek.nl\/de\/wp-json\/wp\/v2\/users\/1"}],"replies":[{"embeddable":true,"href":"https:\/\/nerushoek.nl\/de\/wp-json\/wp\/v2\/comments?post=122"}],"version-history":[{"count":10,"href":"https:\/\/nerushoek.nl\/de\/wp-json\/wp\/v2\/pages\/122\/revisions"}],"predecessor-version":[{"id":220,"href":"https:\/\/nerushoek.nl\/de\/wp-json\/wp\/v2\/pages\/122\/revisions\/220"}],"wp:attachment":[{"href":"https:\/\/nerushoek.nl\/de\/wp-json\/wp\/v2\/media?parent=122"}],"curies":[{"name":"wp","href":"https:\/\/api.w.org\/{rel}","templated":true}]}}