{"id":123,"date":"2014-04-23T08:15:37","date_gmt":"2014-04-23T07:15:37","guid":{"rendered":"http:\/\/localhost\/nerushoek\/?page_id=7"},"modified":"2014-11-04T14:17:35","modified_gmt":"2014-11-04T13:17:35","slug":"geschiedenis","status":"publish","type":"page","link":"https:\/\/nerushoek.nl\/de\/geschiedenis\/","title":{"rendered":"Geschichte"},"content":{"rendered":"<p>Geschichte In den 1950er Jahren, als Freizeitwassersport immer beliebter wurde und immer mehr Beachtung fand, wurde der Grundstein f\u00fcr Neruswerf Rijpkema und den sp\u00e4teren Jachthafen Nerushoek gelegt.<\/p>\n<p>In dieser Zeit wurde das Land, das in den Terhernster Poelen lag f\u00fcr die Schifffahrt vorbereitet. Damals war es meistens kleine Segelboote und die gelegentliche auch Motorboot die die Meere befuhren.<\/p>\n<p>Im Vergleich zu heute waren es noch sehr bescheiden Verh\u00e4ltnisse.<\/p>\n<p><em><a href=\"http:\/\/nerushoek.nl\/de\/wp-content\/uploads\/sites\/2\/2014\/04\/org1.jpg\"><img decoding=\"async\" loading=\"lazy\" class=\"alignnone wp-image-24 size-full\" src=\"http:\/\/nerushoek.nl\/de\/wp-content\/uploads\/sites\/2\/2014\/04\/org1.jpg\" alt=\"\" width=\"800\" height=\"388\" srcset=\"https:\/\/nerushoek.nl\/de\/wp-content\/uploads\/sites\/2\/2014\/04\/org1.jpg 800w, https:\/\/nerushoek.nl\/de\/wp-content\/uploads\/sites\/2\/2014\/04\/org1-300x145.jpg 300w, https:\/\/nerushoek.nl\/de\/wp-content\/uploads\/sites\/2\/2014\/04\/org1-624x302.jpg 624w\" sizes=\"(max-width: 800px) 100vw, 800px\" \/><\/a>\u00a0Org1 (Foto) Terherne um 1950, der Pfeil zeigt Werft Nerushoek.<\/em><\/p>\n<p>Im Jahr 1977 kaufte der Abschlepper Rijpkema den Hafen Nerushoek. Abschlepper Rijpkema wuchs schnell und brauchte einen Platz, an dem der Bau und die Wartung von Schiffen durchgef\u00fchrt werden konnte. So ist die Rijpkema Werft entstanden. Seitdem entwickelte sich die Werft zu einem spezialisierten Unternehmen, das von vielen Wassersportlern und Wassersportbetrieben genutzt wird. Neben dem Bau und der Modernisierung von Schiffen, gab es immer auch einen gro\u00dfen Bedarf an Arbeiten im Metallbau und Bauarbeiten.<\/p>\n<p>Durch den stetig steigenden Bedarf, wurde es immer schwieriger, Freizeit-und Handelsschiffen am gleichen Ort bearbeiten. So wurde in einen Zeitraum von 10 Jahren, die Werft angepasst und ein attraktiver Hafen f\u00fcr Erholung und Freizeitsport geschaffen. Im Jahr 2002 wurde die Werft von Jacob Rijpkema an den Sohn Auke Rijpkema \u00fcbergeben.<\/p>\n<p>Die Arbeiten an den gr\u00f6\u00dferen Handelsschiffe wurden dann durch Abschlepper Rijpkema an einem neuen Standort durchgef\u00fchrt. Der Hafen und die Werft wurden umbenannt in \u201aNerushoek Werft\u2018, die sich seitdem haupts\u00e4chlich auf Freizeit-und kommerzielle Schiffe konzentriert.<\/p>\n<p>Seine wunderbare Lage und die ausgezeichneten \u00f6rtlichen Gegebenheiten machen Werft Nerushoek f\u00fcr den Wassersport und damit f\u00fcr jeden Bootsfahrer zu einem ausgezeichnetem Ort zum \u00fcbernachten und die Ferien zu verbringen!<\/p>\n<p>&nbsp;<\/p>\n","protected":false},"excerpt":{"rendered":"<p>Geschichte In den 1950er Jahren, als Freizeitwassersport immer beliebter wurde und immer mehr Beachtung fand, wurde der Grundstein f\u00fcr Neruswerf Rijpkema und den sp\u00e4teren Jachthafen Nerushoek gelegt. In dieser Zeit wurde das Land, das in den Terhernster Poelen lag f\u00fcr die Schifffahrt vorbereitet. Damals war es meistens kleine Segelboote und die gelegentliche auch Motorboot die [&hellip;]<\/p>\n","protected":false},"author":1,"featured_media":0,"parent":0,"menu_order":1,"comment_status":"closed","ping_status":"closed","template":"","meta":[],"_links":{"self":[{"href":"https:\/\/nerushoek.nl\/de\/wp-json\/wp\/v2\/pages\/123"}],"collection":[{"href":"https:\/\/nerushoek.nl\/de\/wp-json\/wp\/v2\/pages"}],"about":[{"href":"https:\/\/nerushoek.nl\/de\/wp-json\/wp\/v2\/types\/page"}],"author":[{"embeddable":true,"href":"https:\/\/nerushoek.nl\/de\/wp-json\/wp\/v2\/users\/1"}],"replies":[{"embeddable":true,"href":"https:\/\/nerushoek.nl\/de\/wp-json\/wp\/v2\/comments?post=123"}],"version-history":[{"count":5,"href":"https:\/\/nerushoek.nl\/de\/wp-json\/wp\/v2\/pages\/123\/revisions"}],"predecessor-version":[{"id":229,"href":"https:\/\/nerushoek.nl\/de\/wp-json\/wp\/v2\/pages\/123\/revisions\/229"}],"wp:attachment":[{"href":"https:\/\/nerushoek.nl\/de\/wp-json\/wp\/v2\/media?parent=123"}],"curies":[{"name":"wp","href":"https:\/\/api.w.org\/{rel}","templated":true}]}}