{"id":124,"date":"2014-04-23T08:16:04","date_gmt":"2014-04-23T07:16:04","guid":{"rendered":"http:\/\/localhost\/nerushoek\/?page_id=9"},"modified":"2016-04-15T14:14:00","modified_gmt":"2016-04-15T13:14:00","slug":"de-jachthaven","status":"publish","type":"page","link":"https:\/\/nerushoek.nl\/de\/de-jachthaven\/","title":{"rendered":"Der Jachthafen"},"content":{"rendered":"<p>Der Hafen Die Marina Werft Nerushoek liegt im Herzen von Terherne. Wir verf\u00fcgen \u00fcber 50 feste Miet-Liegepl\u00e4tzen, 16 davon sind Bootsh\u00e4user und es gibt einen \u00fcber 90 Metern langen Passantenanleger. Der Yachthafen bietet verschiedene Einrichtungen. Sie k\u00f6nnen von jedem Liegeplatz aus an die Strom-und Wasserversorgung zugreifen. An Land befinden sich die Sanit\u00e4ranlagen, mit Duschen und WC -Anlagen.<\/p>\n<p><a href=\"http:\/\/nerushoek.nl\/de\/wp-content\/uploads\/sites\/2\/2016\/06\/jachthaven-1.jpg\"><img decoding=\"async\" loading=\"lazy\" class=\"alignnone size-full wp-image-207\" src=\"http:\/\/nerushoek.nl\/de\/wp-content\/uploads\/sites\/2\/2016\/06\/jachthaven-1.jpg\" alt=\"jachthaven 1\" width=\"1024\" height=\"682\" \/><\/a><\/p>\n<p>Der Port ist mit einem payjack System ausgestattet. Die payjack ist ein Schl\u00fcssel, den Sie f\u00fcr alle Einrichtungen verwenden k\u00f6nnen. Dieses Zahlungssystem bedeutet f\u00fcr unsere G\u00e4ste zus\u00e4tzlichen Komfort, da z.B. die Suche nach Kleingeld, f\u00fcr Strom und Wasser entf\u00e4llt. Dusche ist gratis zum nutsen. Dar\u00fcber hinaus zahlen Sie nur, was Sie nutzen und nicht mehr.<\/p>\n<ul>\n<li><strong>Strom:<\/strong><\/li>\n<\/ul>\n<p>Stecken Sie den Stecker Ihres Bootes in einen freien Anschluss, bei dem der Z\u00e4hler auf Null steht. Stecken Sie dann Ihren PayJack-Schl\u00fcssel in den daf\u00fcr vorgesehenen Kontakt.<br \/>\nDer Z\u00e4hler f\u00e4ngt an zu laufen und Ihr Schl\u00fcssel wird nun aufgeladen.\u00a0Wenn der Z\u00e4hler die gew\u00fcnschte Menge kWh (Kilowattstunden) anzeigt, nehmen Sie den Schl\u00fcssel aus dem Kontakt (1 bis 2 kWh sind ausreichend fur eine Nacht).<br \/>\nWenn Sie wieder abfahren, stecken Sie den PayJack-Schl\u00fcssel erneut in den Kontakt und dr\u00fccken auf den Knopf und die nicht genutzten kWh werden auf Ihren Schl\u00fcssel zur\u00fcck gebucht.<\/p>\n<ul>\n<li><strong>Duschen:<\/strong><\/li>\n<\/ul>\n<p><strong>Sie k\u00f6nnen die Duschen gratis benutzen!!!!<\/strong><\/p>\n<li><strong>Frischwasser:<\/strong><\/li>\n<\/ul>\n<p>Auf den Stegen sind sieben Wasseranschl\u00fcsse verteilt, die Sie mit Ihrem PayJack-Schl\u00fcssel benutzen k\u00f6nnen. Sie k\u00f6nnen die Anschl\u00fcsse an den blauen Wasserschl\u00e4uchen erkennen. Sobald Sie Ihren PayJack-Schl\u00fcssel in den daf\u00fcr bestimmten Kontakt gesteckt haben, k\u00f6nnen Sie den Frischwasserhahn benutzen. Wenn Sie den Schl\u00fcssel herausziehen, dann stoppt die Frischwasserzufuhr.<br \/>\n<strong>Achtung:\u00a0<\/strong>Solange der Schl\u00fcssel im Kontakt steckt, wird Geld von Ihrem Schl\u00fcssel abgebucht.<\/p>\n<p><strong>DER PORT<\/strong><\/p>\n<p>Der Port liegt an den Terhernster Poelen. Innerhalb von 5 Minuten mit dem Boot sind Sie auf dem Sneeker See und innerhalb einer halben Stunde am Pikmeer bei Grou. Die zentrale Lage des Hafens ist ideal f\u00fcr Bootsfahrer, die die wunderbare Seenlandschaft von Friesland erkunden und erleben m\u00f6chten. Wenn Sie unseren Hafen besuchen, lohnt es sich, das Dorf kennen zu lernen. Sie k\u00f6nnen innerhalb von wenigen Minuten in die Innenstadt gehen. Das Dorf hat einen Supermarkt, der im Sommer auch sonntags ge\u00f6ffnet. Es gibt mehrere Bars, Restaurants und Terrassen. F\u00fcr Ihre Kinder gibt es jede Menge Aktivit\u00e4ten. In der Mitte des Dorfes gibt es z. B. einen Strand f\u00fcr die Kinder, oder man kann mit ihnen die Insel \u201aAbenteuer des Kameleons\u2018 besuchen! Hier gibt es viel zu erleben.<\/p>\n<p><em><strong>Kurz gesagt, bietet unser Port bietet etwas f\u00fcr jeden Geschmack!<\/strong><\/em><\/p>\n<p><a href=\"http:\/\/nerushoek.nl\/de\/wp-content\/uploads\/sites\/2\/2016\/06\/jachthaven-onder.jpg\"><img decoding=\"async\" loading=\"lazy\" class=\"alignnone size-full wp-image-208\" src=\"http:\/\/nerushoek.nl\/de\/wp-content\/uploads\/sites\/2\/2016\/06\/jachthaven-onder.jpg\" alt=\"jachthaven onder\" width=\"1024\" height=\"682\" \/><\/a><\/p>\n","protected":false},"excerpt":{"rendered":"<p>Der Hafen Die Marina Werft Nerushoek liegt im Herzen von Terherne. Wir verf\u00fcgen \u00fcber 50 feste Miet-Liegepl\u00e4tzen, 16 davon sind Bootsh\u00e4user und es gibt einen \u00fcber 90 Metern langen Passantenanleger. Der Yachthafen bietet verschiedene Einrichtungen. Sie k\u00f6nnen von jedem Liegeplatz aus an die Strom-und Wasserversorgung zugreifen. An Land befinden sich die Sanit\u00e4ranlagen, mit Duschen und [&hellip;]<\/p>\n","protected":false},"author":1,"featured_media":0,"parent":0,"menu_order":3,"comment_status":"closed","ping_status":"closed","template":"","meta":[],"_links":{"self":[{"href":"https:\/\/nerushoek.nl\/de\/wp-json\/wp\/v2\/pages\/124"}],"collection":[{"href":"https:\/\/nerushoek.nl\/de\/wp-json\/wp\/v2\/pages"}],"about":[{"href":"https:\/\/nerushoek.nl\/de\/wp-json\/wp\/v2\/types\/page"}],"author":[{"embeddable":true,"href":"https:\/\/nerushoek.nl\/de\/wp-json\/wp\/v2\/users\/1"}],"replies":[{"embeddable":true,"href":"https:\/\/nerushoek.nl\/de\/wp-json\/wp\/v2\/comments?post=124"}],"version-history":[{"count":9,"href":"https:\/\/nerushoek.nl\/de\/wp-json\/wp\/v2\/pages\/124\/revisions"}],"predecessor-version":[{"id":232,"href":"https:\/\/nerushoek.nl\/de\/wp-json\/wp\/v2\/pages\/124\/revisions\/232"}],"wp:attachment":[{"href":"https:\/\/nerushoek.nl\/de\/wp-json\/wp\/v2\/media?parent=124"}],"curies":[{"name":"wp","href":"https:\/\/api.w.org\/{rel}","templated":true}]}}