{"id":125,"date":"2014-04-23T08:17:05","date_gmt":"2014-04-23T07:17:05","guid":{"rendered":"http:\/\/localhost\/nerushoek\/?page_id=11"},"modified":"2014-06-13T15:17:08","modified_gmt":"2014-06-13T14:17:08","slug":"de-jachtwerf","status":"publish","type":"page","link":"https:\/\/nerushoek.nl\/de\/de-jachtwerf\/","title":{"rendered":"Die Werft"},"content":{"rendered":"<p><strong>K\u00f6nnen wir es reparieren? \u00a0 Aber sicher! <\/strong><\/p>\n<p>Reparaturen und Wartung sind unsere Spezialit\u00e4t. Wir sind das ganze Jahr \u00fcber durchgehend ge\u00f6ffnet. Werft Nerushoek ist mit vielen Schiffstypen, und mit den unterschiedlichsten Ger\u00e4ten vertraut.<\/p>\n<p>Wir liefern den Service, den Ihr Schiff ben\u00f6tigt. Durch regelm\u00e4\u00dfiges \u00fcberwachen der technischen Teile, k\u00f6nnen eventuelle Probleme fr\u00fchzeitig erkannt und verhindert werden. Das spart nicht nur Geld, sondern bringt Ihnen Sicherheit und eine sorgenfreie Zeit auf dem Wasser. Ein Tipp ! Lassen Sie Ihr Boot in den Wintermonaten \u00fcberpr\u00fcfen, so k\u00f6nnen Sie Ihrem Urlaub nach Herzenslust genie\u00dfen und unbeschwert fahren.<\/p>\n<p>Sollte trotz aller Vorsichtsma\u00dfnahmen doch mal etwas schief gehen, dann hat Nerushoek Werft alles zur Verf\u00fcgung, um Sie schnell wieder flott zu machen.<\/p>\n<p style=\"text-align: left;\"><a href=\"http:\/\/nerushoek.nl\/de\/wp-content\/uploads\/sites\/2\/2014\/04\/IMG_4819akopie.jpg\"><img decoding=\"async\" loading=\"lazy\" class=\"alignnone wp-image-43 size-large\" src=\"http:\/\/nerushoek.nl\/de\/wp-content\/uploads\/sites\/2\/2014\/04\/IMG_4819akopie-1024x682.jpg\" alt=\"\" width=\"625\" height=\"416\" srcset=\"https:\/\/nerushoek.nl\/de\/wp-content\/uploads\/sites\/2\/2014\/04\/IMG_4819akopie-1024x682.jpg 1024w, https:\/\/nerushoek.nl\/de\/wp-content\/uploads\/sites\/2\/2014\/04\/IMG_4819akopie-300x199.jpg 300w, https:\/\/nerushoek.nl\/de\/wp-content\/uploads\/sites\/2\/2014\/04\/IMG_4819akopie-624x415.jpg 624w, https:\/\/nerushoek.nl\/de\/wp-content\/uploads\/sites\/2\/2014\/04\/IMG_4819akopie.jpg 2000w\" sizes=\"(max-width: 625px) 100vw, 625px\" \/><\/a><\/p>\n<p style=\"text-align: left;\"><strong>Renovierung und Modernisierung <\/strong><\/p>\n<p style=\"text-align: left;\">Nerushoek Werft verf\u00fcgt \u00fcber umfangreiche Erfahrungen in der Sanierung und Modernisierung von Schiffen. Die Montage von Heck- und Strahlrudern, die Installation elektronischer und mechanischer Ausr\u00fcstungen und sogar die komplette Modifikationen des Bootsk\u00f6rpers und des Deckaufbau sind f\u00fcr uns kein Problem.<\/p>\n<p style=\"text-align: left;\"><a href=\"http:\/\/nerushoek.nl\/de\/wp-content\/uploads\/sites\/2\/2014\/04\/werf1.jpg\"><img decoding=\"async\" loading=\"lazy\" class=\"alignnone wp-image-26 size-full\" src=\"http:\/\/nerushoek.nl\/de\/wp-content\/uploads\/sites\/2\/2014\/04\/werf1.jpg\" alt=\"\" width=\"700\" height=\"300\" srcset=\"https:\/\/nerushoek.nl\/de\/wp-content\/uploads\/sites\/2\/2014\/04\/werf1.jpg 700w, https:\/\/nerushoek.nl\/de\/wp-content\/uploads\/sites\/2\/2014\/04\/werf1-300x128.jpg 300w, https:\/\/nerushoek.nl\/de\/wp-content\/uploads\/sites\/2\/2014\/04\/werf1-624x267.jpg 624w\" sizes=\"(max-width: 700px) 100vw, 700px\" \/><\/a><\/p>\n<p style=\"text-align: left;\"><em>Jacob Rijpkema (Bezitser von Werft Nerushoek) bei der Kameleonboot von Hielke en Sietze. <\/em><\/p>\n<p><strong>Restaurierung nostalgischen Schiffe<\/strong><\/p>\n<p>Die Wiederherstellung von nostalgischen Schiffen ist ein gro\u00dfes Hobby von Jacob Rijpkema.<\/p>\n<p style=\"text-align: left;\"><strong>Schiffszimmerei <\/strong><\/p>\n<p style=\"text-align: left;\">Wir f\u00fchren jederlei Schiffzimmereiarbeiten aus!<\/p>\n<p style=\"text-align: left;\"><strong>Schiffsmotoren<\/strong><\/p>\n<p style=\"text-align: left;\">Der Schiffsmotor ist das Herz jeden Schiffes. Ein guter Motor ist f\u00fcr Ihr Schiff von entscheidender Bedeutung. Erst mit dem passenden Schiffsmotor erreichen Sie den optimalen Fahrspa\u00df und der Werterhalt Ihres Schiffs wird auch zu einem gro\u00dfen Teil durch den richtigen Motor bestimmt. Dank unserer langj\u00e4hrigen Erfahrung in der Lieferung und Montage von Schiffsmotoren, k\u00f6nnen wir Sie bei der Auswahl und Platzierung des richtigen Motors f\u00fcr Ihr Boot kompetent beraten und unterst\u00fctzen. Wir liefern und installieren f\u00fcr Sie alle erforderlichen Motoren. Bekannte Marken die wir verwenden, sind z. B. Lister Petter, Lombardini, Daewoo und Iveco, John Deere und SCAP.<\/p>\n<p style=\"text-align: left;\"><strong>Feinmechanischen Metallbearbeitung <\/strong><\/p>\n<p style=\"text-align: left;\">Wenn wir \u00fcber Metallbearbeitung sprechen, meinen wir feinmechanischen Pr\u00e4zisions-Drehen- und Fr\u00e4steile. Bei einer Yacht betrifft das z. B. Gelenkwellen, Ruderwellen, Schwertbolzen, Mastschrauben, Ruderbeschl\u00e4ge usw.. Wir verf\u00fcgen \u00fcber einen umfangreichen Maschinenpark (wir f\u00fchren auch Reparaturen an Binnenfrachtschiffen durch), mit dem wir Ihnen einen umfangreichen Service anbieten k\u00f6nnen.<\/p>\n<p style=\"text-align: left;\"><strong>Konstruktion<\/strong><\/p>\n<p style=\"text-align: left;\">Bauarbeiten Metallbearbeitung und Konstruktionen geh\u00f6ren zusammen. Der Bootslift ( siehe Foto unten ), den wir gebaut haben, ist eine Kombination aus Metallbearbeitung und Bauarbeiten (Konstruktion).\u00a0Wenn Ihr Schiff in einer v\u00f6llig neuen Ebene ben\u00f6tigt, einen neuen Dachstuhl, Deck und Aufbauten oder Blecharbeiten, sind Sie bei uns an der richtigen Adresse.<\/p>\n<p style=\"text-align: left;\"><a href=\"http:\/\/nerushoek.nl\/de\/wp-content\/uploads\/sites\/2\/2014\/06\/jachtwerf-3.jpg\"><img decoding=\"async\" loading=\"lazy\" class=\"alignnone wp-image-209 size-full\" src=\"http:\/\/nerushoek.nl\/de\/wp-content\/uploads\/sites\/2\/2014\/06\/jachtwerf-3.jpg\" alt=\"\" width=\"1024\" height=\"768\" srcset=\"https:\/\/nerushoek.nl\/de\/wp-content\/uploads\/sites\/2\/2014\/06\/jachtwerf-3.jpg 1024w, https:\/\/nerushoek.nl\/de\/wp-content\/uploads\/sites\/2\/2014\/06\/jachtwerf-3-300x225.jpg 300w, https:\/\/nerushoek.nl\/de\/wp-content\/uploads\/sites\/2\/2014\/06\/jachtwerf-3-624x468.jpg 624w\" sizes=\"(max-width: 1024px) 100vw, 1024px\" \/><\/a><\/p>\n<p>Der Bootslift kann \u00fcbrigens Boote bis zu 20 Tonnen heben.<\/p>\n<p><strong>Baggerarbeiten<\/strong><\/p>\n<p>Werft Nerushoek besitzt ein Baggerkrahn von Licht -Format. Mit diesem Krahn k\u00f6nnen Orte erreicht werden, die au\u00dferhalb der Reichweite der schweren Bagger liegen. Den Baggerkrahn k\u00f6nnen Sie, mit Personal (1 Fachmann) f\u00fcr die Bedienung, mieten.<\/p>\n<p><strong>Mini Kran<\/strong><\/p>\n<p>Die Mini Kran ist ein Teil des Baggerkrans, kann aber auch separat verwendet werden. Sie k\u00f6nnen den Mini Kran einschlie\u00dflich Bedienungspersonal verwenden.<\/p>\n<p>&nbsp;<\/p>\n","protected":false},"excerpt":{"rendered":"<p>K\u00f6nnen wir es reparieren? \u00a0 Aber sicher! Reparaturen und Wartung sind unsere Spezialit\u00e4t. Wir sind das ganze Jahr \u00fcber durchgehend ge\u00f6ffnet. Werft Nerushoek ist mit vielen Schiffstypen, und mit den unterschiedlichsten Ger\u00e4ten vertraut. Wir liefern den Service, den Ihr Schiff ben\u00f6tigt. Durch regelm\u00e4\u00dfiges \u00fcberwachen der technischen Teile, k\u00f6nnen eventuelle Probleme fr\u00fchzeitig erkannt und verhindert werden. [&hellip;]<\/p>\n","protected":false},"author":1,"featured_media":0,"parent":0,"menu_order":2,"comment_status":"closed","ping_status":"closed","template":"","meta":[],"_links":{"self":[{"href":"https:\/\/nerushoek.nl\/de\/wp-json\/wp\/v2\/pages\/125"}],"collection":[{"href":"https:\/\/nerushoek.nl\/de\/wp-json\/wp\/v2\/pages"}],"about":[{"href":"https:\/\/nerushoek.nl\/de\/wp-json\/wp\/v2\/types\/page"}],"author":[{"embeddable":true,"href":"https:\/\/nerushoek.nl\/de\/wp-json\/wp\/v2\/users\/1"}],"replies":[{"embeddable":true,"href":"https:\/\/nerushoek.nl\/de\/wp-json\/wp\/v2\/comments?post=125"}],"version-history":[{"count":4,"href":"https:\/\/nerushoek.nl\/de\/wp-json\/wp\/v2\/pages\/125\/revisions"}],"predecessor-version":[{"id":222,"href":"https:\/\/nerushoek.nl\/de\/wp-json\/wp\/v2\/pages\/125\/revisions\/222"}],"wp:attachment":[{"href":"https:\/\/nerushoek.nl\/de\/wp-json\/wp\/v2\/media?parent=125"}],"curies":[{"name":"wp","href":"https:\/\/api.w.org\/{rel}","templated":true}]}}